{"id":1160,"date":"2026-03-17T17:00:48","date_gmt":"2026-03-17T16:00:48","guid":{"rendered":"https:\/\/www.festaperte.org\/festaperte_wp\/?page_id=1160"},"modified":"2026-03-17T17:13:52","modified_gmt":"2026-03-17T16:13:52","slug":"fernando-boaretto-39","status":"publish","type":"page","link":"https:\/\/www.festaperte.org\/festaperte_wp\/?page_id=1160","title":{"rendered":"FERNANDO BOARETTO 39"},"content":{"rendered":"<p><strong>Fernando Boaretto<\/strong>\u00a0(<em>Padova,\u00a08 agosto 1939<\/em>) <strong>\u00e8 un\u00a0poeta\u00a0e\u00a0scrittore\u00a0italiano<\/strong>, vive a Ponte San Nicol\u00f2 PD.<\/p>\n<p>Il 25 Gennaio 2026 la Pro-Loco e il Comune di Ponte San Nicol\u00f2 di Padova hanno conferito al poeta Fernando Boaretto il <strong>premio\u00a0 \u00a0 \u00a0 \u00a0 &#8220;alla Cuktura2025&#8221;<\/strong> <em>per la sua originale attivit\u00e0 letteraria e poetica svolta da moltissimi anni e con qualificate collaborazioni a riviste letterarie, libri di poesia, racconti ecc. sia in italiano che in lingua veneta, tanto da diventare uno dei principali poeti e scrittori del Veneto.<\/em><\/p>\n<p>Nato a Padova, non se n\u2019\u00e8 mai allontanato. La sua vita fin da ragazzo, \u00e8 stata molto difficile. Aveva perso i genitori e nella sua tenera et\u00e0 venne ospitato in un collegio della Croce Rossa a Ca\u2019 Roman (VE), frequentando l\u2019allora \u201cscuola elementare\u201d e continuando il percorso formativo a 12 anni nella scuola media con docenti che percepirono la sua profonda innata sensibilit\u00e0 poetica. A 17 anni, viene assunto presso la\u00a0Casa Editrice Panda Edizioni\u00a0Questo ambiente gli permise di conoscere importanti poeti come\u00a0Diego Valeri, con il quale intrecci\u00f2 un costante dialogo oltre a scrittori\u00a0Fulvio Tomizza\u00a0e\u00a0Biagio Marin. Non solo, ma gran parte della sua opera, nasce dal poderoso archivio storico, trasmessogli dall\u2019avo\u00a0Lorenzo Boaretto\u00a0unico garibaldino padovano di\u00a0Bovolenta. Gli spunti del suo percorso poetico e letterario, continuano nel lavoro, negli incontri con gli amici, nell\u2019avvicendarsi delle stagioni che lo affascinano e dalle quali ricava molte delle sue poesie.<\/p>\n<p>Autodidatta, non ha mai usato mezzi informatici. Gli unici suoi strumenti di lavoro sono stati una macchina da scrivere\u00a0Olivetti Lettera 22\u00a0e i fogli di carta A4, nei quali ha fissato le sue opere poetiche e letterarie in pi\u00f9 di cinquanta anni di attivit\u00e0.<\/p>\n<p>Il 7 settembre 2023 le sue poesie sono state depositate presso l\u2019Associazione\u00a0\u201c<em>Ed allora sar\u00e0 sempre festa per te aps<\/em>\u201d\u00a0per la salvaguardia degli originali dell\u2019Opera Omnia.<\/p>\n<p>Nel\u00a01972\u00a0esord\u00ec come poeta conseguendo il primo premio di poesia nel Concorso nazionale Mondadori della rivista Confidenze del giugno 1972, ricevendo la medaglia d\u2019oro per la poesia \u201c<strong>Portello<\/strong>\u201d, da\u00a0Eugenio Montale,\u00a0membro della giuria , il quale volle inviargli una sua lettera di apprezzamento.<\/p>\n<p>Nel\u00a01982\u00a0inizi\u00f2 a comporre poesie e a scrivere racconti in lingua e in dialetto veneto, pubblicati mensilmente sulla rivista dialettale\u00a0Quatro Ci\u00e0coe, che avevano per tema avvenimenti dei territori della\u00a0Provincia di Padova\u00a0e\u00a0Provincia di Venezia.<\/p>\n<p><strong>\u00a0<\/strong><strong>Libri<\/strong><\/p>\n<p>Numerosi i libri editi in vari Concorsi e Premi Nazionali:<\/p>\n<p>Nel\u00a01978\u00a0 L\u2019 Associazione AVIS Associazione Volontari Italiani del Sangue, ha bandito il\u00a0<em>I\u00b0 Premio Nazionale di Poesia &#8220;Il DONO DEL SANGUE&#8221;<\/em>, Sarzana SP, conferendo al poeta il 3\u00b0 premio ex equo per la poesia \u00ab&#8221;<strong><em>I\u00b0 GENNAIO 197&#8230;<\/em><\/strong>&#8220;.<\/p>\n<p>Nel 1993 Il Circolo Culturale &#8220;IGAZIO SILONE&#8221;, nella II Edizione del <em>Premio di Poesia Dialettale Veneta &#8220;IGNAZIO SILONE&#8221; 1993 <\/em>\u00a0ha pubblicato la poesia \u201c<strong><em>Co piove el borgo<\/em><\/strong>\u201d assegnando il III premio ex equo.<\/p>\n<p>Nel\u00a01998\u00a0Nel libro del Centro di Cultura &#8220;SS. CROCE&#8221;, al\u00a0<em>XXX Concorso Internazionale di Poesia Religiosa<\/em>, Taranto TA, \u00e8 stata pubblicata la poesia &#8220;<strong><em>Come Ges\u00f9 Bambino<\/em><\/strong>&#8220;.<\/p>\n<p>Nel\u00a02003\u00a0Il Circolo &#8220;La Mimosa&#8221; l\u2019<em>8 marzo 2003<\/em>, per la &#8220;Giornata internazionale della donna&#8221; nel Concorso di poesia &#8220;Donna&#8230; dedicata a te&#8221; pubblica la poesia \u201c<strong><em>Sera<\/em><\/strong>&#8220;.<\/p>\n<p>Nel\u00a02003\u00a0Il Comune di Serle, ha indetto il Premio di Poesia &#8220;VIRGILIO CREVOLI&#8221;, raccolta di testi poetici in dialetto bresciano e in lingua italiana pubblicati sul libro\u00a0<em>El<\/em>\u00a0<em>cor amo &#8220;I Pusti&#8221;,<\/em>\u00a0alla pagina 58 \u00e8 stata stampata la poesia &#8220;<strong><em>Esile estate<\/em><\/strong>\u201d.<\/p>\n<p>Nel\u00a02004\u00a0viene pubblicato il primo libro di poesie &#8220;<strong><em>Luna d&#8217;Agosto<\/em><\/strong>&#8220;, raccolta di versi che racconta la natura, la civilt\u00e0 contadina e lo sgretolamento di vita e lavoro nei suoi paesi limitrofi. Si tratta di liriche nelle quali ambienti e ricordi e persone appaiono nella loro pi\u00f9 autentica realt\u00e0. La preparazione culturale spazia da Montale a Valeri, a lirici cinesi.<\/p>\n<p>Nel\u00a02012\u00a0viene stampato il libro di 70 poesie, &#8220;<strong><em>Nella mani del sole<\/em><\/strong>&#8221;\u00a0per il XX\u00b0 anniversario dell\u2019Associazione\u00a0Ed allora sar\u00e0 sempre festa per te aps\u00a0, libro illustrato con i disegni di Alice, Valentina e Carlo Stefanello. Il libro \u00e8 il dialogo tra il poeta e Tiziana giovane ragazza di 19 anni deceduta in un incidente stradale. Fernando Boaretto, continua a riempire gli spazi un tempo segnati dalle orme di una creatura troppo presto sottratta ai profumi inebrianti dei giorni. Di Tiziana fu amico e, serbando in s\u00e9 il ricordo dei momenti condivisi, ha nel corso degli anni distillato, un po&#8217; per volta, poesie meditate e compiute.<\/p>\n<p>Nel\u00a02014\u00a0esce il libro &#8220;<strong><em>Poesie Segrete<\/em><\/strong>&#8220;, sembra che ogni immagine sia ispirata e messa sulla pagina, magistralmente guidata da una figura spiritualizzata, che illumina e rischiara ogni immagine possibile all&#8217;umano.<\/p>\n<p>Nel\u00a02024\u00a0viene edito il libro di 93 poesie, &#8220;<strong><em>Elegia per una amica<\/em><\/strong>&#8221;\u00a0ancora dedicato a Tiziana Rossi. Continua il dialogo mai interrotto con il primo libro &#8220;Nelle mani del sole&#8221;, dove non \u00e8 facile catturare ricordi, emozioni, affidati a parole che volano via come il vento, parole spesso cariche di allusioni a poesie nuove e antiche, come quelle di Joice, di Lorca, di Dickinson, di Montand<em>\u2026<\/em><\/p>\n<p><strong>\u00a0<\/strong><strong>Incontri<\/strong><\/p>\n<p>Numerosi gli incontri con la cittadinanza proposti da vari Comuni italiani, per la presentazione del libro di poesie &#8220;<strong><em>Nelle mani del sole<\/em><\/strong>&#8220;:<\/p>\n<p>nel\u00a02013\u00a0nella Sala Paladin del Comune di Padova PD da\u00a0<strong><em>Giuliano Pisani<\/em><\/strong>.\u00a0 e nel Comune di Asiago VI Sala Consigliare da <strong><em>Sergio Bonato<\/em><\/strong>,\u00a0nel\u00a02014\u00a0nel Comune di Gallio VI Sala Consiglio Comunale da\u00a0<strong><em>Stefano Valentini<\/em><\/strong>, e nel Comune di Ponte San Nicol\u00f2 PD da\u00a0<strong><em>Giovanni Rattini<\/em><\/strong>.<\/p>\n<p>&nbsp;<\/p>\n<p><strong>Pubblicazioni<\/strong><\/p>\n<p>Nel\u00a01974\u00a0usc\u00ec un suo articolo: <strong><em>Le \u201cpieghe \u201cdel Mos\u00e8<\/em><\/strong> sul settimanale d\u2019informazione culturale \u201cLa Fiera Letteraria\u201d.<\/p>\n<p>Nel\u00a02004\u00a0la rivista Noialtri\u00a0pubblica la poesia &#8220;<strong><em>Ronchi di Casalserugo<\/em><\/strong>&#8220;.<\/p>\n<p>Nel 2023 la rivista Quatro Ci\u00e0coe stampa \u201c<strong><em>La Regina dei romansi rosa<\/em><\/strong>\u201d, racconto in dialetto veneto<\/p>\n<p>Nel 2014 a Firenze viene pubblicata nella rivista del Comune di Firenze &#8220;Aghi di pino&#8221;\u00a0la poesia \u201c<strong><em>Terza lettera ad una amica<\/em><\/strong>\u201d.<\/p>\n<p><strong>News<\/strong><\/p>\n<p>Nel\u00a01974\u00a0ha partecipato alla quinta edizione del Concorso Letterario Internazionale Premio San Valentino\u00a0&#8211; Terni TR, con la poesia \u201c<em>Perch\u00e9<\/em>\u201d ottenendo l\u2019assegnazione di un diploma e una medaglia aurata.<\/p>\n<p>Nel\u00a01988\u00a0viene pubblicata la poesia &#8220;<strong><em>Il freddo<\/em><\/strong>&#8221; nel settimanale La Difesa del Popolo\u00a0\u2013 Padova.<\/p>\n<p>Nel\u00a01992\u00a0il quotidiano di informazioni e prospettive giovanili Spazio Aperto\u00a0&#8211; Padova pubblica due racconti: \u201c<strong><em>Giochi di un tempo<\/em><\/strong>\u201d e &#8220;<strong><em>Dove trovare l&#8217;amore<\/em><\/strong>&#8220;.<\/p>\n<p>Nel\u00a01999\u00a0la rivista mensile Il Naviglio della Riviera del Brenta\u00a0&#8211; Dolo VE \u2013 nel Concorso &#8220;Due ruote&#8221;&#8230; la storia continua \u2013 ha segnalato il racconto \u201c<strong><em>Una bianchi del \u201842<\/em><\/strong>\u201d.<\/p>\n<p>Nel\u00a02004\u00a0Giovanni\u00a0Lugaresi\u00a0giornalista e saggista italiano pubblica nel giornale\u00a0Il Gazzettino Padova\u00a0PD l\u2019articolo &#8220;<strong><em>Boaretto versi umani e domestici<\/em><\/strong>&#8220;.<\/p>\n<p>Nel\u00a02014\u00a0il settimanale VERONA fedele\u00a0Verona VR\u00a0pubblica la poesia &#8220;<strong><em>Stare insieme<\/em><\/strong>&#8220;, e nel 2015 pubblica la poesia &#8220;<strong><em>Nessuno di noi sapeva<\/em><\/strong>&#8220;.<\/p>\n<p>Nel\u00a02022\u00a0Quatro Ci\u00e0coe \u201cMensile de cultura e tradission v\u00e8nete\u201d\u00a0pubblica un articolo testimonianza di Fernando Boaretto per &#8220;<strong><em>Diego Valeri<\/em><\/strong>&#8220;.<\/p>\n<p><strong>Poetica<\/strong><\/p>\n<p>Nelle composizioni poetiche, alla ricchezza lessicale corrisponde una dovizia di immagini che descrivono le sensazioni e le intense emozioni suscitate dal mondo in cui egli vive e che ama (antichi borghi con case e strade in rovina, vecchi cimiteri dimenticati, feste di paese con i fal\u00f2 accesi dai contadini, una natura che vive nel volo dei gabbiani, nel fiorire dei sambuchi, nei colori ora azzurri ora plumbei del cielo) e dai ricordi belli e insieme dolorosi della sua infanzia.<\/p>\n<p>1976\u00a0Alla \u201cVIII Edizione premio \u201c<em>Citt\u00e0 Eterna<\/em>\u201d ottiene il riconoscimento in Campidoglio dal Sindaco di Roma\u00a0Clelio Darida\u00a0Roma RM<\/p>\n<p>1988\u00a0&#8220;<strong><em>Il Portello muore soffocato<\/em><\/strong>&#8221; articolo che viene pubblicato sul quotidiano\u00a0Il Mattino di Padova.<\/p>\n<p>1997\u00a0Alla XIV Edizione Concorso di Poesia\u00a0Alicante\u00a0&#8211; Vigolo Vattaro TN viene pubblicata la poesia\u00a0&#8220;<strong><em>L&#8217;ultimo gioco<\/em><\/strong>&#8220;.<\/p>\n<p>1999\u00a0La Casa Circondariale di Viterbo VT pubblica nel suo periodico \u201cL\u2019Arcobaleno&#8221;\u00a0la poesia \u201c<strong><em>al poeta Mario<\/em><\/strong>&#8221;<\/p>\n<p>2009\u00a0La rivista mensile del Comune di Firenze \u201cAghi di Pino\u201d\u00a0pubblica la poesia \u201c<strong><em>Terza lettera ad un\u2019amica<\/em><\/strong>\u201d.<\/p>\n<p>2018\u00a0Al Concorso di poesia e prosa \u201cCecco d\u2019Ascoli\u201d istituito da UTEAP Universit\u00e0 della Terza Et\u00e0 e del Tempo Libero Premio &#8220;Cecco d&#8217;Ascoli&#8221;\u00a0Ascoli Piceno AP viene assegnato il primo premio alla poesia inedita \u201c<strong><em>A mia madre<\/em><\/strong>\u201d.<\/p>\n<p>2024 e nel 2025 L\u2019Accademia Internazionale di Significazione Poesia e Arte Contemporanea<a href=\"https:\/\/it.wikipedia.org\/wiki\/Utente:Guido_Rossi_1939\/Sandbox#cite_note-20\"><sup>]<\/sup><\/a>, in Convenzione formativa con l\u2019Universit\u00e0 degli Studi di Roma Tre, accreditata dalla Regione Lazio, iscritta all\u2019albo di Roma Capitale, del Comune di Canale Monterano e promossa dall\u2019Istituto Italiano di Cultura di New York, gli conferisce il <strong>Diploma di Riconoscimento al Merito in Poesia<\/strong> e della Critica in semiotica estetica \u201c<strong><em>Se qualcosa ritorna<\/em><\/strong>\u201d, per la pregevole opera pubblicata anche nell\u2019Antologia Accademica della Poesia Contemporanea online, e <strong>nel 2025<\/strong> <b>conferimento del Riconoscimento al Merito in Poesia e della Critica in semiotica estetica per la Sua pregevole opera \u201cSe la notte\u201d<\/b>, pubblicata anche nell\u2019Antologia Accademica della Poesia Contemporanea online.<\/p>\n<p><strong>Il 25 Gennaio 2026 <\/strong>La Pro-Loco di ponte San Nicol\u00f2 di Padova, in collaborazione con l\u2019Amministrazione Comunale, ha attribuito il <strong>premio<\/strong> \u201c<strong><em>alla Cultura 2025<\/em><\/strong>\u201d a Fernando Boaretto, per la Sua originale attivit\u00e0 letteraria e poetica svolta da moltissimi anni e con qualificate collaborazioni a riviste letterarie, libri di poesia, racconti ecc. sia in italiano che in lingua veneta, tanto da diventare uno dei principali poeti e scrittori del Veneto.<\/p>\n<p>Tutti le sue opere sono state depositate presso l\u2019Associazione \u201cEd allora sar\u00e0 sempre festa per te aps\u201d, perch\u00e9 ne curi l\u2019archiviazione, la catalogazione, la diffusione dell\u2019Opera Omnia e la custodia degli originali.<\/p>\n<p>&nbsp;<\/p>\n<p><strong>Lavori Editoriali<\/strong><\/p>\n<p>Il lavoro nel settore editoriale, ha consentito a Fernando Boaretto, di conoscere e tenere la corrispondenza con poeti, scrittori e pittori che hanno arricchito la sua vena poetica e letteraria. Cos\u00ec sono nati rapporti con\u00a0Eugenio Montale,\u00a0Diego Valeri,\u00a0Enzo Biagi,\u00a0Salvatore Gotta,\u00a0Susanna Tamaro,\u00a0Mario Stefani,\u00a0Biagio Marin,\u00a0Ugo Fasolo,\u00a0Attilio Carminati\u00a0e i pittori,\u00a0Riccardo Galuppo,\u00a0Navarrino Navarrini,\u00a0Virgilio Guidi,\u00a0Enrico Parnigotto,\u00a0Vincenzo Cerami,\u00a0Innocente Salvini, Molti sono stati gli articoli pubblicati su alcuni quotidiani e settimanali:\u00a0Il Gazzettino,\u00a0Il Mattino di Padova,\u00a0Corriere della Sera,\u00a0Gazzetta dello Sport,\u00a0Famiglia Cristiana,\u00a0Quatro Ci\u00e0coe.<\/p>\n<p>La produzione artistica va dalla composizione di poesie allo scrivere articoli e saggi letterari per giornali e riviste<\/p>\n<p><strong>\u00a0<\/strong><strong>Opere<\/strong><\/p>\n<p><strong>\u00a0<\/strong><strong>Poesie pubblicate<\/strong><\/p>\n<p><strong>\u00a0<\/strong>2004\u00a0Luna d\u2019Agosto &#8211; Panda Edizioni di Noventa Padovana PD<\/p>\n<p>2012\u00a0Nelle mani del sole &#8211; Venilia Edizioni &#8211; Lozzo Atestino PD<\/p>\n<p>2014\u00a0Poesie segrete &#8211; Proget Edizioni &#8211; Casalserugo PD<\/p>\n<p>2014\u00a0Diario in versi &#8211; Proget Edizioni &#8211; Casalserugo PD<\/p>\n<p>2016\u00a0Racconto le mie sere &#8211; Proget Edizioni &#8211; Casalserugo PD<\/p>\n<p>2024\u00a0Elegia per una amica &#8211; Imprimanda Editrice &#8211; Limena PD<\/p>\n<p><strong>Poesie in corso di pubblicazione<\/strong><\/p>\n<p><strong>\u00a0<\/strong>2026 \u201cI<strong><em> 102 Comuni della Provincia di Padova&#8230;DEI PAESI MIEI<\/em><\/strong>\u201d 238 poesie dei Comuni di Padova e significative frazioni.<\/p>\n<p>__________________________________________________________________________<\/p>\n<p><em>\u201cEd allora sar\u00e0 sempre festa per te aps\u201d<\/em><br \/>\n<em>Sede Sociale c\/o:\u00a0 Centro Parrocchiale San Giuseppe<\/em><br \/>\n<em>P.le S.Giuseppe,2\u00a0-35141 Padova\u00a0 \u2013 Tel. 049.8718626\u00a0 \u00a0 \u00a0<\/em><br \/>\n<em>e-mail:\u00a0info@festaperte.org\u00a0\u2013 PEC:\u00a0festaperte@pec.it\u00a0<\/em><br \/>\n<em>sito web: www.festaperte.org \u2013 Codice Fiscale: 92072590281<\/em><br \/>\n<em>Associazione di Promozione Sociale iscritta al<\/em><br \/>\n<em>RUNTS dal 2022 con il nr. 59033 \u2013 in\u00a0Regione Veneto<\/em><br \/>\n<em>come APS nr. PS\/PD0273\u00a0 e\u00a0Comune di Padova nr. 1226<\/em><\/p>\n","protected":false},"excerpt":{"rendered":"<p>Fernando Boaretto\u00a0(Padova,\u00a08 agosto 1939) \u00e8 un\u00a0poeta\u00a0e\u00a0scrittore\u00a0italiano, vive a Ponte San Nicol\u00f2 PD. Il 25 Gennaio 2026 la Pro-Loco e il Comune di Ponte San Nicol\u00f2 di Padova hanno conferito al poeta Fernando Boaretto il premio\u00a0 \u00a0 \u00a0 \u00a0 &#8220;alla Cuktura2025&#8221; per la sua originale attivit\u00e0 letteraria e poetica svolta da moltissimi anni e con qualificate &hellip; <a href=\"https:\/\/www.festaperte.org\/festaperte_wp\/?page_id=1160\" class=\"more-link\">Continua la lettura di <span class=\"screen-reader-text\">FERNANDO BOARETTO 39<\/span> <span class=\"meta-nav\">&rarr;<\/span><\/a><\/p>\n","protected":false},"author":1,"featured_media":0,"parent":0,"menu_order":0,"comment_status":"closed","ping_status":"closed","template":"","meta":[],"_links":{"self":[{"href":"https:\/\/www.festaperte.org\/festaperte_wp\/index.php?rest_route=\/wp\/v2\/pages\/1160"}],"collection":[{"href":"https:\/\/www.festaperte.org\/festaperte_wp\/index.php?rest_route=\/wp\/v2\/pages"}],"about":[{"href":"https:\/\/www.festaperte.org\/festaperte_wp\/index.php?rest_route=\/wp\/v2\/types\/page"}],"author":[{"embeddable":true,"href":"https:\/\/www.festaperte.org\/festaperte_wp\/index.php?rest_route=\/wp\/v2\/users\/1"}],"replies":[{"embeddable":true,"href":"https:\/\/www.festaperte.org\/festaperte_wp\/index.php?rest_route=%2Fwp%2Fv2%2Fcomments&post=1160"}],"version-history":[{"count":8,"href":"https:\/\/www.festaperte.org\/festaperte_wp\/index.php?rest_route=\/wp\/v2\/pages\/1160\/revisions"}],"predecessor-version":[{"id":1244,"href":"https:\/\/www.festaperte.org\/festaperte_wp\/index.php?rest_route=\/wp\/v2\/pages\/1160\/revisions\/1244"}],"wp:attachment":[{"href":"https:\/\/www.festaperte.org\/festaperte_wp\/index.php?rest_route=%2Fwp%2Fv2%2Fmedia&parent=1160"}],"curies":[{"name":"wp","href":"https:\/\/api.w.org\/{rel}","templated":true}]}}